{"id":3241,"date":"2025-10-31T16:55:21","date_gmt":"2025-10-31T15:55:21","guid":{"rendered":"https:\/\/alternativeconsulting.eu\/?page_id=3241"},"modified":"2025-10-31T17:24:54","modified_gmt":"2025-10-31T16:24:54","slug":"confidentialite","status":"publish","type":"page","link":"https:\/\/alternativeconsulting.eu\/en\/confidentialite\/","title":{"rendered":"Politique de Confidentialit\u00e9"},"content":{"rendered":"<div data-elementor-type=\"wp-page\" data-elementor-id=\"3241\" class=\"elementor elementor-3241\">\n\t\t\t\t<div class=\"elementor-element elementor-element-02d5628 e-grid e-con-full e-con e-parent\" data-id=\"02d5628\" data-element_type=\"container\">\n\t\t<div class=\"elementor-element elementor-element-69bf06d e-grid e-con-boxed e-con e-child\" data-id=\"69bf06d\" data-element_type=\"container\" data-settings=\"{&quot;background_background&quot;:&quot;classic&quot;}\">\n\t\t\t\t\t<div class=\"e-con-inner\">\n\t\t<div class=\"elementor-element elementor-element-5b1b9a1 e-grid e-con-boxed e-con e-child\" data-id=\"5b1b9a1\" data-element_type=\"container\" data-settings=\"{&quot;position&quot;:&quot;absolute&quot;}\">\n\t\t\t\t\t<div class=\"e-con-inner\">\n\t\t\t\t<div class=\"elementor-element elementor-element-d4485af elementor-widget elementor-widget-heading\" data-id=\"d4485af\" data-element_type=\"widget\" data-settings=\"{&quot;vlt_animated_widget_animation&quot;:&quot;none&quot;}\" data-widget_type=\"heading.default\">\n\t\t\t\t<div class=\"elementor-widget-container\">\n\t\t\t\t\t<h1 class=\"elementor-heading-title elementor-size-default\">Politique de confidentialit\u00e9<\/h1>\t\t\t\t<\/div>\n\t\t\t\t<\/div>\n\t\t\t\t\t<\/div>\n\t\t\t\t<\/div>\n\t\t\t\t\t<\/div>\n\t\t\t\t<\/div>\n\t\t\t\t<\/div>\n\t\t<div class=\"elementor-element elementor-element-1285163 e-flex e-con-boxed e-con e-parent\" data-id=\"1285163\" data-element_type=\"container\" id=\"creation\" data-settings=\"{&quot;background_background&quot;:&quot;classic&quot;}\">\n\t\t\t\t\t<div class=\"e-con-inner\">\n\t\t<div class=\"elementor-element elementor-element-d27a6f5 e-con-full e-flex e-con e-child\" data-id=\"d27a6f5\" data-element_type=\"container\">\n\t\t\t\t<div class=\"elementor-element elementor-element-139f94d elementor-widget elementor-widget-text-editor\" data-id=\"139f94d\" data-element_type=\"widget\" data-settings=\"{&quot;vlt_animated_widget_animation&quot;:&quot;none&quot;}\" data-widget_type=\"text-editor.default\">\n\t\t\t\t<div class=\"elementor-widget-container\">\n\t\t\t\t\t\t\t\t\t<p>La pr\u00e9sente politique de confidentialit\u00e9 a pour vocation de vous aider \u00e0 comprendre comment sont collect\u00e9es, trait\u00e9es et conserv\u00e9es vos donn\u00e9es personnelles par\u00a0<strong>Alternative Consulting Ing\u00e9nierie LTD<\/strong>.<\/p><p>La liste ci-dessous reproduit les diff\u00e9rentes sections de de cette politique de confidentialit\u00e9, vous pouvez cliquer directement sur les titres ci-dessous afin d\u2019acc\u00e9der \u00e0 une section sp\u00e9cifique de la pr\u00e9sente politique de confidentialit\u00e9.<\/p><h5><strong>1- Responsable de traitement \/ Contact<\/strong><\/h5><p>La pr\u00e9sente politique de confidentialit\u00e9 a pour vocation de vous aider \u00e0 comprendre comment sont collect\u00e9es, trait\u00e9es et conserv\u00e9es vos donn\u00e9es personnelles par <strong>Alternative Consulting Ing\u00e9nierie LTD<\/strong> (ci-apr\u00e8s \u00ab <strong>Alternative Consulting Ing\u00e9nierie LTD<\/strong><strong>\u00a0\u00bb<\/strong> , \u00ab nous \u00bb,\u00a0 \u00ab notre \u00bb et \u00ab nos \u00bb), responsable du traitement au sens de la r\u00e9glementation europ\u00e9enne en mati\u00e8re de protection des donn\u00e9es \u00e0 caract\u00e8re personnel, soci\u00e9t\u00e9 <strong>Alternative Consulting Ing\u00e9nierie LTD.<\/strong> dont le si\u00e8ge social est situ\u00e9 au <strong>30\/1, Kenilworth Court Sir Augustus Bartolo Street, Ta&rsquo;Xbiex, Malta<\/strong>.<\/p><p><strong>Alternative Consulting Ing\u00e9nierie LTD.<\/strong>\u00a0est joignable via les moyens de contact suivants :<\/p><ul><li>En nous contact via\u00a0<strong>contact@alternativeconsulting.eu<\/strong><\/li><li>En nous joignant au\u00a0<strong>+33(0)6 41 23 43 58<\/strong><\/li><li>En nous adressant un courrier \u00e0 <strong>30\/1, Kenilworth Court Sir Augustus Bartolo Street, Ta&rsquo;Xbiex, Malta<\/strong><\/li><\/ul><h5><strong>2- Quand sont collect\u00e9es vos donn\u00e9es personnelles ?<\/strong><\/h5><p>Nous recevons et traitons un certain nombre d\u2019informations, pouvant inclure des donn\u00e9es \u00e0 caract\u00e8re personnel vous concernant lorsque vous acc\u00e9dez et utiliser notre site selon diff\u00e9rents moyens :<\/p><ul><li>Lorsque vous nous fournissez directement vos donn\u00e9es personnelles en remplissant un formulaire d\u2019inscription ou de contact pr\u00e9vu \u00e0 cet effet sur notre site<\/li><li>Lorsque vous liez votre compte sur le site \u00e0 un compte ouvert sur un site ou r\u00e9seau social tiers ou dans les limites toutefois permises par les param\u00e8tres de confidentialit\u00e9 que vous aurez d\u00e9finis sur ce site ou r\u00e9seau social tiers.<\/li><\/ul><p>Via les fichiers journaux de nos serveurs et via nos outils et technologies de suivi de type \u00a0\u00bb cookies \u00a0\u00bb pr\u00e9sents sur notre site, nous suivons votre activit\u00e9 et la fa\u00e7on dont vous utilisez notre site.<\/p><h5><strong>3- Traitements de donn\u00e9es personnelles r\u00e9alis\u00e9s par Alternative Consulting Ing\u00e9nierie LTD<\/strong><\/h5><p>Nous collectons les donn\u00e9es suivantes : \u00ab nom pr\u00e9nom \u00bb, \u00ab mail \u00bb, \u00ab adresse \u00bb, \u00ab adresse IP \u00bb, \u00ab donn\u00e9es de g\u00e9olocalisation \u00bb, \u00ab t\u00e9l\u00e9phone \u00bb.<\/p><h5><strong>4- Pourquoi collectons-nous vos donn\u00e9es personnelles ?<\/strong><\/h5><ul><li>Nous collectons vos donn\u00e9es personnelles afin de vous identifier lors de l\u2019utilisation de notre site et afin de vous adresser des messages li\u00e9s \u00e0 la bonne administration de notre site (ex : confirmation d\u2019inscription, modification du site ou des conditions d\u2019utilisation etc\u2026)<\/li><li>Nous collectons vos donn\u00e9es personnelles afin de facturer et vous livrer votre commande.<\/li><li>Nous collectons vos donn\u00e9es personnelles afin d\u2019am\u00e9liorer et optimiser notre site, par exemple en \u00e9tudiant votre comportement lors de votre visite et d\u2019en tirer des cons\u00e9quences afin d\u2019apporter des modifications en termes d\u2019ergonomie et exp\u00e9rience utilisateur.<\/li><li>Nous collectons vos donn\u00e9es personnelles comprendre afin de comprendre quelles sont vos pr\u00e9f\u00e9rences en termes d\u2019achat et vous proposer des offres commerciales correspondant \u00e0 des services\/produits analogues \u00e0 ceux d\u00e9j\u00e0 command\u00e9s.<\/li><\/ul><p><strong>Quelles sont les cat\u00e9gories de donn\u00e9es personnelles que nous collectons \u00e0 cette fin ?<\/strong><\/p><p>Donn\u00e9es d\u2019identification, Donn\u00e9es de connexion, Donn\u00e9es d\u2019identification, Donn\u00e9es d\u2019utilisation et consommation, Donn\u00e9es de connexion, Donn\u00e9es d\u2019utilisation et consommation, Donn\u00e9es d\u2019identification<\/p><p><strong>Quelle est la base juridique nous autorisant \u00e0 collecter vos donn\u00e9es personnelles pour une telle finalit\u00e9 ?<\/strong><\/p><ul><li>Ce traitement a pour base juridique l\u2019ex\u00e9cution du contrat nous liant lors de votre acceptation de nos conditions g\u00e9n\u00e9rales au moment de la cr\u00e9ation de son compte<\/li><li>Ce traitement a pour base juridique l\u2019ex\u00e9cution du contrat nous liant lors de votre acceptation de nos conditions g\u00e9n\u00e9rales au moment de la cr\u00e9ation de son compte<\/li><li>Ce traitement a pour base juridique notre int\u00e9r\u00eat l\u00e9gitime \u00e0 fournir et am\u00e9liorer l\u2019exp\u00e9rience utilisateur de nos visiteurs et membres de notre site.<\/li><\/ul><h5><strong>5- Destinataires des donn\u00e9es personnelles<\/strong><\/h5><p>En notre qualit\u00e9 de responsable de traitement, nous serons les premiers destinataires de vos donn\u00e9es personnelles. Vos donn\u00e9es seront plus sp\u00e9cifiquement trait\u00e9es par le personnel suivant au sein de\u00a0<strong>Alternative Consulting Ing\u00e9nierie LTD.<\/strong>\u00a0: ***service TX***<\/p><p>Nous pouvons par ailleurs \u00eatre amen\u00e9s \u00e0 partager vos donn\u00e9es personnelles \u00e0 des tiers dans les situations suivantes :<\/p><ul><li>Vos donn\u00e9es personnelles pourront \u00eatre communiqu\u00e9es le cas \u00e9ch\u00e9ant aux autorit\u00e9s de police (sur r\u00e9quisition judiciaire) ou \u00e0 toute personne habilit\u00e9e judiciairement \u00e0 recevoir ces informations (sur ordonnance du juge).<\/li><\/ul><h5><strong>6- Comment seront h\u00e9berg\u00e9es vos donn\u00e9es personnelles ?<\/strong><\/h5><p>Nous veillons \u00e0 s\u00e9curiser les donn\u00e9es personnelles de mani\u00e8re ad\u00e9quate et appropri\u00e9e et avons pris les pr\u00e9cautions utiles afin de pr\u00e9server et faire pr\u00e9server par nos sous-traitants h\u00e9bergeurs la s\u00e9curit\u00e9 et la confidentialit\u00e9 des donn\u00e9es et notamment emp\u00eacher qu\u2019elles ne soient d\u00e9form\u00e9es, endommag\u00e9es ou communiqu\u00e9es \u00e0 des personnes non autoris\u00e9es.<\/p><p>Vos donn\u00e9es sont h\u00e9berg\u00e9es chez OVH, dont le si\u00e8ge sociale se trouve 2 Rue Kellermann, 59100 Roubaix, France.<\/p><p>L\u2019ensemble des donn\u00e9es personnelles collect\u00e9es sont h\u00e9berg\u00e9es en Europe ou dans des pays reconnus par la Commission Europ\u00e9enne comme b\u00e9n\u00e9ficiant d\u2019une protection ad\u00e9quate des donn\u00e9es \u00e0 caract\u00e8re personnel.<\/p><h5><strong>7- Dur\u00e9e de conservation du traitement de donn\u00e9es personnelles<\/strong><\/h5><p>Toute donn\u00e9e personnelle sera d\u00e9truite imm\u00e9diatement \u00e0 compter de la suppression du compte de l\u2019utilisateur.<\/p><p>Vos donn\u00e9es personnelles seront \u00e9galement d\u00e9truites si vous ne vous \u00eates pas connect\u00e9 \u00e0 votre compte utilisateur pendant une p\u00e9riode de plus six (6) mois.<\/p><p>Elles seront ensuite archiv\u00e9es sur des bases de donn\u00e9es distinctes afin de r\u00e9pondre \u00e0 nos obligations l\u00e9gales pour une dur\u00e9e ne pouvant exc\u00e9der cinq (5) ans \u00e0 compter de leur archivage.<\/p><h5><strong>8- Exercice des droits l\u00e9gaux<\/strong><\/h5><p>Conform\u00e9ment \u00e0 la r\u00e9glementation europ\u00e9enne en mati\u00e8re de protections des donn\u00e9es \u00e0 caract\u00e8re personnel, vous b\u00e9n\u00e9ficiez des droits suivants : Un droit d\u2019acc\u00e8s vous permettant \u00e0 tout moment de savoir si vos donn\u00e9es personnelles sont ou ne sont pas trait\u00e9es par nos services et lorsqu\u2019elles le sont, d\u2019avoir acc\u00e8s auxdites donn\u00e9es personnelles et aux informations requises par la loi concernant les modalit\u00e9s de traitement de ces donn\u00e9es,<\/p><ul><li>Un droit de rectification vous permettant, de demander \u00e0 ce que soient corrig\u00e9es dans les meilleurs d\u00e9lais toute inexactitude concernant les donn\u00e9es personnelles vous concernant,<\/li><li>Un droit \u00e0 l\u2019effacement, vous permettant de demander dans les meilleurs d\u00e9lais \u00e0 ce que vos donn\u00e9es personnelles soient effac\u00e9es, sous r\u00e9serve que cette demande d\u2019effacement respecte les conditions requises par la loi applicable,<\/li><li>Un droit \u00e0 la limitation du traitement de vos donn\u00e9es personnelles, sous r\u00e9serve que cette demande de limitation respecte les conditions requises par la loi applicable,<\/li><li>Un droit \u00e0 la portabilit\u00e9 vous permettant de recevoir vos donn\u00e9es personnelles dans un format structur\u00e9, couramment utilis\u00e9 et lisible par machine, ou \u00e0 demander que ces donn\u00e9es personnelles soit transmises \u00e0 un autre responsable de traitement, sous r\u00e9serve que cette demande de portabilit\u00e9 respecte les conditions requises par la loi applicable,<\/li><li>Un droit d\u2019opposition au traitement de vos donn\u00e9es personnelles pour des raisons tenant \u00e0 votre situation particuli\u00e8re sous r\u00e9serve que cette opposition respecte les conditions requises par la loi applicable,<\/li><li>Le droit de retirer \u00e0 tout moment le consentement sp\u00e9cifique donn\u00e9 \u00e0 la collecte de vos donn\u00e9es personnelles, notamment lorsque le traitement de vos donn\u00e9es personnelles sert \u00e0 des fins de prospection commerciale,<\/li><li>Le droit de d\u00e9finir des directives relatives \u00e0 la conservation, \u00e0 l\u2019effacement et \u00e0 la communication de vos donn\u00e9es \u00e0 caract\u00e8re personnel \u00e0 compter de votre d\u00e9c\u00e8s.<\/li><\/ul><p>Ces droits pourront \u00eatre exerc\u00e9s en nous contactant directement \u00e0 l\u2019adresse email suivante :\u00a0<strong>contact@alternativeconsulting.eu<\/strong>\u00a0ou en utilisant le formulaire de contact suivant :\u00a0<strong>https:\/\/www.alternativeconsulting.eu\/#contact\/<\/strong>\u00a0. En ce qui concerne le retrait de votre consentement \u00e0 des fins de prospection commerciale, un lien de d\u00e9sinscription sera \u00e9galement fourni dans toute sollicitation commerciale vous \u00e9tant directement adress\u00e9e.<\/p><p>Les r\u00e9clamations relatives \u00e0 l\u2019utilisation de vos donn\u00e9es personnelles peuvent le cas \u00e9ch\u00e9ant \u00e9galement \u00eatre adress\u00e9es \u00e0 la Commission Nationale de l\u2019Informatique et des Libert\u00e9s, 3 Place de Fontenoy \u2013 TSA 80715 \u2013 75334 PARIS CEDEX<\/p>\t\t\t\t\t\t\t\t<\/div>\n\t\t\t\t<\/div>\n\t\t\t\t<\/div>\n\t\t\t\t\t<\/div>\n\t\t\t\t<\/div>\n\t\t<div class=\"elementor-element elementor-element-8938e4d e-flex e-con-boxed e-con e-parent\" data-id=\"8938e4d\" data-element_type=\"container\" data-settings=\"{&quot;background_background&quot;:&quot;classic&quot;}\">\n\t\t\t\t\t<div class=\"e-con-inner\">\n\t\t\t\t<div class=\"elementor-element elementor-element-97fbcaa elementor-widget elementor-widget-spacer\" data-id=\"97fbcaa\" data-element_type=\"widget\" data-settings=\"{&quot;vlt_animated_widget_animation&quot;:&quot;none&quot;}\" data-widget_type=\"spacer.default\">\n\t\t\t\t<div class=\"elementor-widget-container\">\n\t\t\t\t\t\t\t<div class=\"elementor-spacer\">\n\t\t\t<div class=\"elementor-spacer-inner\"><\/div>\n\t\t<\/div>\n\t\t\t\t\t\t<\/div>\n\t\t\t\t<\/div>\n\t\t\t\t\t<\/div>\n\t\t\t\t<\/div>\n\t\t\t\t<\/div>","protected":false},"excerpt":{"rendered":"<p>Politique de confidentialit\u00e9 La pr\u00e9sente politique de confidentialit\u00e9 a pour vocation de vous aider \u00e0 comprendre comment sont collect\u00e9es, trait\u00e9es et conserv\u00e9es vos donn\u00e9es personnelles par\u00a0Alternative Consulting Ing\u00e9nierie LTD. La liste ci-dessous reproduit les diff\u00e9rentes sections de de cette politique de confidentialit\u00e9, vous pouvez cliquer directement sur les titres ci-dessous afin d\u2019acc\u00e9der \u00e0 une section [&hellip;]<\/p>","protected":false},"author":1,"featured_media":2945,"parent":0,"menu_order":0,"comment_status":"closed","ping_status":"closed","template":"template-custom-page.php","meta":{"inline_featured_image":false,"footnotes":""},"class_list":["post-3241","page","type-page","status-publish","has-post-thumbnail","hentry"],"yoast_head":"<!-- This site is optimized with the Yoast SEO plugin v26.9 - https:\/\/yoast.com\/product\/yoast-seo-wordpress\/ -->\n<title>Politique de Confidentialit\u00e9 - ACI Consulting<\/title>\n<meta name=\"robots\" content=\"index, follow, max-snippet:-1, max-image-preview:large, max-video-preview:-1\" \/>\n<link rel=\"canonical\" href=\"https:\/\/alternativeconsulting.eu\/en\/confidentialite\/\" \/>\n<meta property=\"og:locale\" content=\"en_GB\" \/>\n<meta property=\"og:type\" content=\"article\" \/>\n<meta property=\"og:title\" content=\"Politique de Confidentialit\u00e9 - ACI Consulting\" \/>\n<meta property=\"og:description\" content=\"Politique de confidentialit\u00e9 La pr\u00e9sente politique de confidentialit\u00e9 a pour vocation de vous aider \u00e0 comprendre comment sont collect\u00e9es, trait\u00e9es et conserv\u00e9es vos donn\u00e9es personnelles par\u00a0Alternative Consulting Ing\u00e9nierie LTD. La liste ci-dessous reproduit les diff\u00e9rentes sections de de cette politique de confidentialit\u00e9, vous pouvez cliquer directement sur les titres ci-dessous afin d\u2019acc\u00e9der \u00e0 une section [&hellip;]\" \/>\n<meta property=\"og:url\" content=\"https:\/\/alternativeconsulting.eu\/en\/confidentialite\/\" \/>\n<meta property=\"og:site_name\" content=\"ACI Consulting\" \/>\n<meta property=\"article:modified_time\" content=\"2025-10-31T16:24:54+00:00\" \/>\n<meta property=\"og:image\" content=\"https:\/\/alternativeconsulting.eu\/wp-content\/uploads\/2025\/10\/vignette-aci.jpg\" \/>\n\t<meta property=\"og:image:width\" content=\"1200\" \/>\n\t<meta property=\"og:image:height\" content=\"628\" \/>\n\t<meta property=\"og:image:type\" content=\"image\/jpeg\" \/>\n<meta name=\"twitter:card\" content=\"summary_large_image\" \/>\n<meta name=\"twitter:label1\" content=\"Estimated reading time\" \/>\n\t<meta name=\"twitter:data1\" content=\"7 minutes\" \/>\n<script type=\"application\/ld+json\" class=\"yoast-schema-graph\">{\"@context\":\"https:\/\/schema.org\",\"@graph\":[{\"@type\":\"WebPage\",\"@id\":\"https:\/\/alternativeconsulting.eu\/confidentialite\/\",\"url\":\"https:\/\/alternativeconsulting.eu\/confidentialite\/\",\"name\":\"Politique de Confidentialit\u00e9 - ACI Consulting\",\"isPartOf\":{\"@id\":\"https:\/\/alternativeconsulting.eu\/#website\"},\"primaryImageOfPage\":{\"@id\":\"https:\/\/alternativeconsulting.eu\/confidentialite\/#primaryimage\"},\"image\":{\"@id\":\"https:\/\/alternativeconsulting.eu\/confidentialite\/#primaryimage\"},\"thumbnailUrl\":\"https:\/\/alternativeconsulting.eu\/wp-content\/uploads\/2025\/10\/vignette-aci.jpg\",\"datePublished\":\"2025-10-31T15:55:21+00:00\",\"dateModified\":\"2025-10-31T16:24:54+00:00\",\"breadcrumb\":{\"@id\":\"https:\/\/alternativeconsulting.eu\/confidentialite\/#breadcrumb\"},\"inLanguage\":\"en-GB\",\"potentialAction\":[{\"@type\":\"ReadAction\",\"target\":[\"https:\/\/alternativeconsulting.eu\/confidentialite\/\"]}]},{\"@type\":\"ImageObject\",\"inLanguage\":\"en-GB\",\"@id\":\"https:\/\/alternativeconsulting.eu\/confidentialite\/#primaryimage\",\"url\":\"https:\/\/alternativeconsulting.eu\/wp-content\/uploads\/2025\/10\/vignette-aci.jpg\",\"contentUrl\":\"https:\/\/alternativeconsulting.eu\/wp-content\/uploads\/2025\/10\/vignette-aci.jpg\",\"width\":1200,\"height\":628},{\"@type\":\"BreadcrumbList\",\"@id\":\"https:\/\/alternativeconsulting.eu\/confidentialite\/#breadcrumb\",\"itemListElement\":[{\"@type\":\"ListItem\",\"position\":1,\"name\":\"Home\",\"item\":\"https:\/\/alternativeconsulting.eu\/\"},{\"@type\":\"ListItem\",\"position\":2,\"name\":\"Politique de Confidentialit\u00e9\"}]},{\"@type\":\"WebSite\",\"@id\":\"https:\/\/alternativeconsulting.eu\/#website\",\"url\":\"https:\/\/alternativeconsulting.eu\/\",\"name\":\"ACI Consulting\",\"description\":\"Alternative Consulting Ing\u00e9nierie LTD.\",\"publisher\":{\"@id\":\"https:\/\/alternativeconsulting.eu\/#organization\"},\"potentialAction\":[{\"@type\":\"SearchAction\",\"target\":{\"@type\":\"EntryPoint\",\"urlTemplate\":\"https:\/\/alternativeconsulting.eu\/?s={search_term_string}\"},\"query-input\":{\"@type\":\"PropertyValueSpecification\",\"valueRequired\":true,\"valueName\":\"search_term_string\"}}],\"inLanguage\":\"en-GB\"},{\"@type\":\"Organization\",\"@id\":\"https:\/\/alternativeconsulting.eu\/#organization\",\"name\":\"ACI Consulting\",\"url\":\"https:\/\/alternativeconsulting.eu\/\",\"logo\":{\"@type\":\"ImageObject\",\"inLanguage\":\"en-GB\",\"@id\":\"https:\/\/alternativeconsulting.eu\/#\/schema\/logo\/image\/\",\"url\":\"https:\/\/alternativeconsulting.eu\/wp-content\/uploads\/2025\/10\/vignette-aci.jpg\",\"contentUrl\":\"https:\/\/alternativeconsulting.eu\/wp-content\/uploads\/2025\/10\/vignette-aci.jpg\",\"width\":1200,\"height\":628,\"caption\":\"ACI Consulting\"},\"image\":{\"@id\":\"https:\/\/alternativeconsulting.eu\/#\/schema\/logo\/image\/\"}}]}<\/script>\n<!-- \/ Yoast SEO plugin. -->","yoast_head_json":{"title":"Politique de Confidentialit\u00e9 - ACI Consulting","robots":{"index":"index","follow":"follow","max-snippet":"max-snippet:-1","max-image-preview":"max-image-preview:large","max-video-preview":"max-video-preview:-1"},"canonical":"https:\/\/alternativeconsulting.eu\/en\/confidentialite\/","og_locale":"en_GB","og_type":"article","og_title":"Politique de Confidentialit\u00e9 - ACI Consulting","og_description":"Politique de confidentialit\u00e9 La pr\u00e9sente politique de confidentialit\u00e9 a pour vocation de vous aider \u00e0 comprendre comment sont collect\u00e9es, trait\u00e9es et conserv\u00e9es vos donn\u00e9es personnelles par\u00a0Alternative Consulting Ing\u00e9nierie LTD. La liste ci-dessous reproduit les diff\u00e9rentes sections de de cette politique de confidentialit\u00e9, vous pouvez cliquer directement sur les titres ci-dessous afin d\u2019acc\u00e9der \u00e0 une section [&hellip;]","og_url":"https:\/\/alternativeconsulting.eu\/en\/confidentialite\/","og_site_name":"ACI Consulting","article_modified_time":"2025-10-31T16:24:54+00:00","og_image":[{"width":1200,"height":628,"url":"https:\/\/alternativeconsulting.eu\/wp-content\/uploads\/2025\/10\/vignette-aci.jpg","type":"image\/jpeg"}],"twitter_card":"summary_large_image","twitter_misc":{"Estimated reading time":"7 minutes"},"schema":{"@context":"https:\/\/schema.org","@graph":[{"@type":"WebPage","@id":"https:\/\/alternativeconsulting.eu\/confidentialite\/","url":"https:\/\/alternativeconsulting.eu\/confidentialite\/","name":"Politique de Confidentialit\u00e9 - ACI Consulting","isPartOf":{"@id":"https:\/\/alternativeconsulting.eu\/#website"},"primaryImageOfPage":{"@id":"https:\/\/alternativeconsulting.eu\/confidentialite\/#primaryimage"},"image":{"@id":"https:\/\/alternativeconsulting.eu\/confidentialite\/#primaryimage"},"thumbnailUrl":"https:\/\/alternativeconsulting.eu\/wp-content\/uploads\/2025\/10\/vignette-aci.jpg","datePublished":"2025-10-31T15:55:21+00:00","dateModified":"2025-10-31T16:24:54+00:00","breadcrumb":{"@id":"https:\/\/alternativeconsulting.eu\/confidentialite\/#breadcrumb"},"inLanguage":"en-GB","potentialAction":[{"@type":"ReadAction","target":["https:\/\/alternativeconsulting.eu\/confidentialite\/"]}]},{"@type":"ImageObject","inLanguage":"en-GB","@id":"https:\/\/alternativeconsulting.eu\/confidentialite\/#primaryimage","url":"https:\/\/alternativeconsulting.eu\/wp-content\/uploads\/2025\/10\/vignette-aci.jpg","contentUrl":"https:\/\/alternativeconsulting.eu\/wp-content\/uploads\/2025\/10\/vignette-aci.jpg","width":1200,"height":628},{"@type":"BreadcrumbList","@id":"https:\/\/alternativeconsulting.eu\/confidentialite\/#breadcrumb","itemListElement":[{"@type":"ListItem","position":1,"name":"Home","item":"https:\/\/alternativeconsulting.eu\/"},{"@type":"ListItem","position":2,"name":"Politique de Confidentialit\u00e9"}]},{"@type":"WebSite","@id":"https:\/\/alternativeconsulting.eu\/#website","url":"https:\/\/alternativeconsulting.eu\/","name":"ACI Consulting","description":"Alternative Consulting Ing\u00e9nierie LTD.","publisher":{"@id":"https:\/\/alternativeconsulting.eu\/#organization"},"potentialAction":[{"@type":"SearchAction","target":{"@type":"EntryPoint","urlTemplate":"https:\/\/alternativeconsulting.eu\/?s={search_term_string}"},"query-input":{"@type":"PropertyValueSpecification","valueRequired":true,"valueName":"search_term_string"}}],"inLanguage":"en-GB"},{"@type":"Organization","@id":"https:\/\/alternativeconsulting.eu\/#organization","name":"ACI Consulting","url":"https:\/\/alternativeconsulting.eu\/","logo":{"@type":"ImageObject","inLanguage":"en-GB","@id":"https:\/\/alternativeconsulting.eu\/#\/schema\/logo\/image\/","url":"https:\/\/alternativeconsulting.eu\/wp-content\/uploads\/2025\/10\/vignette-aci.jpg","contentUrl":"https:\/\/alternativeconsulting.eu\/wp-content\/uploads\/2025\/10\/vignette-aci.jpg","width":1200,"height":628,"caption":"ACI Consulting"},"image":{"@id":"https:\/\/alternativeconsulting.eu\/#\/schema\/logo\/image\/"}}]}},"_links":{"self":[{"href":"https:\/\/alternativeconsulting.eu\/en\/wp-json\/wp\/v2\/pages\/3241","targetHints":{"allow":["GET"]}}],"collection":[{"href":"https:\/\/alternativeconsulting.eu\/en\/wp-json\/wp\/v2\/pages"}],"about":[{"href":"https:\/\/alternativeconsulting.eu\/en\/wp-json\/wp\/v2\/types\/page"}],"author":[{"embeddable":true,"href":"https:\/\/alternativeconsulting.eu\/en\/wp-json\/wp\/v2\/users\/1"}],"replies":[{"embeddable":true,"href":"https:\/\/alternativeconsulting.eu\/en\/wp-json\/wp\/v2\/comments?post=3241"}],"version-history":[{"count":7,"href":"https:\/\/alternativeconsulting.eu\/en\/wp-json\/wp\/v2\/pages\/3241\/revisions"}],"predecessor-version":[{"id":3253,"href":"https:\/\/alternativeconsulting.eu\/en\/wp-json\/wp\/v2\/pages\/3241\/revisions\/3253"}],"wp:featuredmedia":[{"embeddable":true,"href":"https:\/\/alternativeconsulting.eu\/en\/wp-json\/wp\/v2\/media\/2945"}],"wp:attachment":[{"href":"https:\/\/alternativeconsulting.eu\/en\/wp-json\/wp\/v2\/media?parent=3241"}],"curies":[{"name":"wp","href":"https:\/\/api.w.org\/{rel}","templated":true}]}}