{"id":3230,"date":"2025-10-31T16:46:58","date_gmt":"2025-10-31T15:46:58","guid":{"rendered":"https:\/\/alternativeconsulting.eu\/?page_id=3230"},"modified":"2025-10-31T16:54:45","modified_gmt":"2025-10-31T15:54:45","slug":"mentions-legales","status":"publish","type":"page","link":"https:\/\/alternativeconsulting.eu\/en\/mentions-legales\/","title":{"rendered":"Mentions L\u00e9gales"},"content":{"rendered":"<div data-elementor-type=\"wp-page\" data-elementor-id=\"3230\" class=\"elementor elementor-3230\">\n\t\t\t\t<div class=\"elementor-element elementor-element-02d5628 e-grid e-con-full e-con e-parent\" data-id=\"02d5628\" data-element_type=\"container\">\n\t\t<div class=\"elementor-element elementor-element-69bf06d e-grid e-con-boxed e-con e-child\" data-id=\"69bf06d\" data-element_type=\"container\" data-settings=\"{&quot;background_background&quot;:&quot;classic&quot;}\">\n\t\t\t\t\t<div class=\"e-con-inner\">\n\t\t<div class=\"elementor-element elementor-element-5b1b9a1 e-grid e-con-boxed e-con e-child\" data-id=\"5b1b9a1\" data-element_type=\"container\" data-settings=\"{&quot;position&quot;:&quot;absolute&quot;}\">\n\t\t\t\t\t<div class=\"e-con-inner\">\n\t\t\t\t<div class=\"elementor-element elementor-element-d4485af elementor-widget elementor-widget-heading\" data-id=\"d4485af\" data-element_type=\"widget\" data-settings=\"{&quot;vlt_animated_widget_animation&quot;:&quot;none&quot;}\" data-widget_type=\"heading.default\">\n\t\t\t\t<div class=\"elementor-widget-container\">\n\t\t\t\t\t<h1 class=\"elementor-heading-title elementor-size-default\">Mentions L\u00e9gales<\/h1>\t\t\t\t<\/div>\n\t\t\t\t<\/div>\n\t\t\t\t\t<\/div>\n\t\t\t\t<\/div>\n\t\t\t\t\t<\/div>\n\t\t\t\t<\/div>\n\t\t\t\t<\/div>\n\t\t<div class=\"elementor-element elementor-element-1285163 e-flex e-con-boxed e-con e-parent\" data-id=\"1285163\" data-element_type=\"container\" id=\"creation\" data-settings=\"{&quot;background_background&quot;:&quot;classic&quot;}\">\n\t\t\t\t\t<div class=\"e-con-inner\">\n\t\t<div class=\"elementor-element elementor-element-d27a6f5 e-con-full e-flex e-con e-child\" data-id=\"d27a6f5\" data-element_type=\"container\">\n\t\t\t\t<div class=\"elementor-element elementor-element-139f94d elementor-widget elementor-widget-text-editor\" data-id=\"139f94d\" data-element_type=\"widget\" data-settings=\"{&quot;vlt_animated_widget_animation&quot;:&quot;none&quot;}\" data-widget_type=\"text-editor.default\">\n\t\t\t\t<div class=\"elementor-widget-container\">\n\t\t\t\t\t\t\t\t\t<h5><strong>IDENTIFICATION DE L\u2019EDITEUR<\/strong><\/h5><p>Le site\u00a0<strong>alternativeconsulting.eu<\/strong>\u00a0(ci-apr\u00e8s \u00ab\u00a0le Site\u00a0\u00bb), accessible \u00e0 l\u2019adresse\u00a0<strong>https:\/\/www.alternativeconsulting.eu\/<\/strong>\u00a0est \u00e9dit\u00e9 par\u00a0<strong>Alternative Consulting Ing\u00e9nierie LTD.<\/strong> (ci-apr\u00e8s \u00ab l\u2019Editeur \u00bb), dont le si\u00e8ge social est situ\u00e9 au <strong>30\/1, Kenilworth Court<\/strong><br \/><strong>Sir Augustus Bartolo Street, Ta&rsquo;Xbiex, Malta<\/strong>.<\/p><p>L\u2019Editeur peut \u00eatre contact\u00e9 \u00e0 l\u2019adresse mail\u00a0<strong>contact@alternativeconsulting.eu<\/strong>\u00a0ou au num\u00e9ro\u00a0<strong>+33(0)6 41 23 43 58<\/strong>.<\/p><p>\u00a0<\/p><h5><strong>H\u00c9BERGEUR DU SITE INTERNET<\/strong><\/h5><p>Le site <strong>alternativeconsulting.eu<\/strong>\u00a0est h\u00e9berg\u00e9 par OVH, SAS au capital de 10 069 020 euros, dont le si\u00e8ge social est situ\u00e9 2 Rue Kellermann, 59100 Roubaix, France.<\/p><p>L\u2019h\u00e9bergeur est joignable par mail \u00e0 l\u2019adresse suivante : contact@ovh.com.<\/p><p>Il est \u00e9galement joignable au num\u00e9ro suivant : 09 72 10 10 10.<\/p><p>\u00a0<\/p><h5><strong>COLLECTE DE DONNEES PERSONNELLES<\/strong><\/h5><p>Conform\u00e9ment aux dispositions de la loi n\u00b0 78-17 du 6 janvier 1978 modifi\u00e9e, relative \u00e0 l\u2019informatique, aux fichiers et aux libert\u00e9s, l\u2019utilisateur est inform\u00e9 que l\u2019Editeur proc\u00e8de \u00e0 la collecte et au traitement de donn\u00e9es personnelles, lors de la connexion au Site.<\/p><p>Les donn\u00e9es collect\u00e9es servent principalement \u00e0 permettre la mise \u00e0 disposition de la Plateforme, son optimisation et sa s\u00e9curisation afin d\u2019offrir aux utilisateurs un service de la meilleure qualit\u00e9 possible. Des donn\u00e9es suppl\u00e9mentaires pourront \u00e9ventuellement \u00eatre collect\u00e9es par l\u2019Editeur pour permettre la bonne ex\u00e9cution de contrats commerciaux conclus par l\u2019entremise de la Plateforme avec l\u2019utilisateur.<\/p><p>L\u2019utilisateur est inform\u00e9 qu\u2019il dispose d\u2019un droit d\u2019acc\u00e8s, d\u2019interrogation, de modification et de suppression des informations qui le concerne, \u00e0 exercer \u00e0 tout moment aupr\u00e8s de l\u2019Editeur soit directement sur le Site, soit par e-mail \u00e0 l\u2019adresse\u00a0<strong>contact@alternativeconsulting.eu<\/strong><\/p><p><strong>Les informations recueillies pourront \u00e9ventuellement \u00eatre partag\u00e9es \u00e0 des tiers r\u00e9sidant dans l\u2019Union Europ\u00e9enne dans les cas suivants :<\/strong><\/p><ul><li>Lorsque l\u2019utilisateur publie, dans une zone de commentaire, des informations accessibles au public ;<\/li><li>Lorsque l\u2019utilisateur y consent express\u00e9ment ;<\/li><li>Lorsque la loi l\u2019exige ou afin de coop\u00e9rer \u00e0 une enqu\u00eate judiciaire \u00e0 la demande expr\u00e8s d\u2019un d\u00e9tenteur de l\u2019autorit\u00e9 publique ;<\/li><li>Pour l\u2019ex\u00e9cution de prestations commerciales pour lesquelles est rendu n\u00e9cessaire la coop\u00e9ration d\u2019un tiers, notamment dans le cas o\u00f9 l\u2019Editeur choisirait de sous-traiter certaines de ses prestations par l\u2019entremise de Services Tiers.<\/li><\/ul><p>Lorsque certaines informations sont obligatoires pour acc\u00e9der \u00e0 des fonctionnalit\u00e9s sp\u00e9cifiques du Site, l\u2019Editeur indiquera ce caract\u00e8re obligatoire au moment de la saisie des donn\u00e9es.<\/p><p>Les donn\u00e9es personnelles collect\u00e9es ne seront conserv\u00e9es que le temps n\u00e9cessaire pour permettre la bonne utilisation du Site, emp\u00eacher les fraudes et abus, et satisfaire aux obligations l\u00e9gales et r\u00e9glementaires de l\u2019Editeur concernant la gestion du Site.<\/p><p>\u00a0<\/p><h5><strong>COOKIES<\/strong><\/h5><p>Le Site peut avoir recours \u00e0 la technique des \u00ab\u00a0cookies\u00a0\u00bb telle que d\u00e9finie par la CNIL de la mani\u00e8re suivante :<\/p><p>\u00ab\u00a0<em>Un \u00ab\u00a0cookie\u00a0\u00bb est une suite d\u2019informations, g\u00e9n\u00e9ralement de petite taille et identifi\u00e9 par un nom, qui peut \u00eatre transmis \u00e0 votre navigateur par un site web sur lequel vous vous connectez. Votre navigateur web le conservera pendant une certaine dur\u00e9e, et le renverra au serveur \u2026<\/em>\u00a0\u00ab\u00a0.<\/p><p>Information issue du site officiel de la CNIL (https:\/\/www.cnil.fr\/fr\/glossaire)<\/p><p>Ces cookies ont pour objectif de faciliter la navigation de l\u2019utilisateur et d\u2019am\u00e9liorer la qualit\u00e9 du service propos\u00e9 en collectant des informations statistiques et relatives au trafic.<\/p><p>L\u2019utilisation de ces cookies est port\u00e9e \u00e0 la connaissance de l\u2019utilisateur par le biais d\u2019un bandeau lui demandant son consentement. Si l\u2019utilisateur y consent, ce consentement est consid\u00e9r\u00e9 comme valide pour une dur\u00e9e maximale de 13 (treize) mois.<\/p><p>Si l\u2019utilisateur ne consent pas \u00e0 l\u2019utilisation des cookies, l\u2019Editeur ne pourra lui garantir une exp\u00e9rience optimale sur le Site.<\/p><p>Les cookies suivants sont utilis\u00e9s sur le Site : Google analytics.<\/p><p>\u00a0<\/p><h5><strong>RESPECT DE LA PROPRIETE INTELECTUELLE<\/strong><\/h5><p>Toutes les marques, photographies, textes, commentaires, illustrations, images anim\u00e9es ou non, s\u00e9quences vid\u00e9o, sons, ainsi que toutes les applications informatiques qui pourraient \u00eatre utilis\u00e9es pour faire fonctionner le Site et plus g\u00e9n\u00e9ralement tous les \u00e9l\u00e9ments reproduits ou utilis\u00e9s sur le Site sont prot\u00e9g\u00e9s par les lois en vigueur au titre de la propri\u00e9t\u00e9 intellectuelle.<\/p><p>Ils sont la propri\u00e9t\u00e9 pleine et enti\u00e8re de l\u2019Editeur ou de ses partenaires, sauf mentions particuli\u00e8res. Toute reproduction, repr\u00e9sentation, utilisation ou adaptation, sous quelque forme que ce soit, de tout ou partie de ces \u00e9l\u00e9ments, y compris les applications informatiques, sans l\u2019accord pr\u00e9alable et \u00e9crit de l\u2019Editeur, sont strictement interdites. Le fait pour l\u2019Editeur de ne pas engager de proc\u00e9dure d\u00e8s la prise de connaissance de ces utilisations non autoris\u00e9es ne vaut pas acceptation desdites utilisations et renonciation aux poursuites.<\/p><p>Seule l\u2019utilisation pour un usage priv\u00e9 dans un cercle de famille est autoris\u00e9e et toute autre utilisation est constitutive de contrefa\u00e7on et\/ou d\u2019atteinte aux droits voisins, sanctionn\u00e9es par Code de la propri\u00e9t\u00e9 intellectuelle.<\/p><p>La reprise de tout ou partie de ce contenu n\u00e9cessite l\u2019autorisation pr\u00e9alable de l\u2019Editeur ou du titulaire des droits sur ce contenu.<\/p><p>\u00a0<\/p><h5><strong>LIENS HYPERTEXTES<\/strong><\/h5><p>Le Site peut contenir des liens hypertexte donnant acc\u00e8s \u00e0 d\u2019autres sites web \u00e9dit\u00e9s et g\u00e9r\u00e9s par des tiers et non par l\u2019Editeur. L\u2019Editeur ne pourra \u00eatre tenu responsable directement ou indirectement dans le cas o\u00f9 lesdits sites tiers ne respecteraient pas les dispositions l\u00e9gales.<\/p><p>La cr\u00e9ation de liens hypertexte vers le Site ne peut \u00eatre faite qu\u2019avec l\u2019autorisation \u00e9crite et pr\u00e9alable de l\u2019Editeur.<\/p>\t\t\t\t\t\t\t\t<\/div>\n\t\t\t\t<\/div>\n\t\t\t\t<\/div>\n\t\t\t\t\t<\/div>\n\t\t\t\t<\/div>\n\t\t<div class=\"elementor-element elementor-element-8938e4d e-flex e-con-boxed e-con e-parent\" data-id=\"8938e4d\" data-element_type=\"container\" data-settings=\"{&quot;background_background&quot;:&quot;classic&quot;}\">\n\t\t\t\t\t<div class=\"e-con-inner\">\n\t\t\t\t<div class=\"elementor-element elementor-element-97fbcaa elementor-widget elementor-widget-spacer\" data-id=\"97fbcaa\" data-element_type=\"widget\" data-settings=\"{&quot;vlt_animated_widget_animation&quot;:&quot;none&quot;}\" data-widget_type=\"spacer.default\">\n\t\t\t\t<div class=\"elementor-widget-container\">\n\t\t\t\t\t\t\t<div class=\"elementor-spacer\">\n\t\t\t<div class=\"elementor-spacer-inner\"><\/div>\n\t\t<\/div>\n\t\t\t\t\t\t<\/div>\n\t\t\t\t<\/div>\n\t\t\t\t\t<\/div>\n\t\t\t\t<\/div>\n\t\t\t\t<\/div>","protected":false},"excerpt":{"rendered":"<p>Mentions L\u00e9gales IDENTIFICATION DE L\u2019EDITEUR Le site\u00a0alternativeconsulting.eu\u00a0(ci-apr\u00e8s \u00ab\u00a0le Site\u00a0\u00bb), accessible \u00e0 l\u2019adresse\u00a0https:\/\/www.alternativeconsulting.eu\/\u00a0est \u00e9dit\u00e9 par\u00a0Alternative Consulting Ing\u00e9nierie LTD. (ci-apr\u00e8s \u00ab l\u2019Editeur \u00bb), dont le si\u00e8ge social est situ\u00e9 au 30\/1, Kenilworth CourtSir Augustus Bartolo Street, Ta&rsquo;Xbiex, Malta. L\u2019Editeur peut \u00eatre contact\u00e9 \u00e0 l\u2019adresse mail\u00a0contact@alternativeconsulting.eu\u00a0ou au num\u00e9ro\u00a0+33(0)6 41 23 43 58. \u00a0 H\u00c9BERGEUR DU SITE INTERNET Le [&hellip;]<\/p>","protected":false},"author":1,"featured_media":2945,"parent":0,"menu_order":0,"comment_status":"closed","ping_status":"closed","template":"template-custom-page.php","meta":{"inline_featured_image":false,"footnotes":""},"class_list":["post-3230","page","type-page","status-publish","has-post-thumbnail","hentry"],"yoast_head":"<!-- This site is optimized with the Yoast SEO plugin v26.9 - https:\/\/yoast.com\/product\/yoast-seo-wordpress\/ -->\n<title>Mentions L\u00e9gales - ACI Consulting<\/title>\n<meta name=\"robots\" content=\"index, follow, max-snippet:-1, max-image-preview:large, max-video-preview:-1\" \/>\n<link rel=\"canonical\" href=\"https:\/\/alternativeconsulting.eu\/en\/mentions-legales\/\" \/>\n<meta property=\"og:locale\" content=\"en_GB\" \/>\n<meta property=\"og:type\" content=\"article\" \/>\n<meta property=\"og:title\" content=\"Mentions L\u00e9gales - ACI Consulting\" \/>\n<meta property=\"og:description\" content=\"Mentions L\u00e9gales IDENTIFICATION DE L\u2019EDITEUR Le site\u00a0alternativeconsulting.eu\u00a0(ci-apr\u00e8s \u00ab\u00a0le Site\u00a0\u00bb), accessible \u00e0 l\u2019adresse\u00a0https:\/\/www.alternativeconsulting.eu\/\u00a0est \u00e9dit\u00e9 par\u00a0Alternative Consulting Ing\u00e9nierie LTD. (ci-apr\u00e8s \u00ab l\u2019Editeur \u00bb), dont le si\u00e8ge social est situ\u00e9 au 30\/1, Kenilworth CourtSir Augustus Bartolo Street, Ta&rsquo;Xbiex, Malta. L\u2019Editeur peut \u00eatre contact\u00e9 \u00e0 l\u2019adresse mail\u00a0contact@alternativeconsulting.eu\u00a0ou au num\u00e9ro\u00a0+33(0)6 41 23 43 58. \u00a0 H\u00c9BERGEUR DU SITE INTERNET Le [&hellip;]\" \/>\n<meta property=\"og:url\" content=\"https:\/\/alternativeconsulting.eu\/en\/mentions-legales\/\" \/>\n<meta property=\"og:site_name\" content=\"ACI Consulting\" \/>\n<meta property=\"article:modified_time\" content=\"2025-10-31T15:54:45+00:00\" \/>\n<meta property=\"og:image\" content=\"https:\/\/alternativeconsulting.eu\/wp-content\/uploads\/2025\/10\/vignette-aci.jpg\" \/>\n\t<meta property=\"og:image:width\" content=\"1200\" \/>\n\t<meta property=\"og:image:height\" content=\"628\" \/>\n\t<meta property=\"og:image:type\" content=\"image\/jpeg\" \/>\n<meta name=\"twitter:card\" content=\"summary_large_image\" \/>\n<meta name=\"twitter:label1\" content=\"Estimated reading time\" \/>\n\t<meta name=\"twitter:data1\" content=\"5 minutes\" \/>\n<script type=\"application\/ld+json\" class=\"yoast-schema-graph\">{\"@context\":\"https:\/\/schema.org\",\"@graph\":[{\"@type\":\"WebPage\",\"@id\":\"https:\/\/alternativeconsulting.eu\/mentions-legales\/\",\"url\":\"https:\/\/alternativeconsulting.eu\/mentions-legales\/\",\"name\":\"Mentions L\u00e9gales - ACI Consulting\",\"isPartOf\":{\"@id\":\"https:\/\/alternativeconsulting.eu\/#website\"},\"primaryImageOfPage\":{\"@id\":\"https:\/\/alternativeconsulting.eu\/mentions-legales\/#primaryimage\"},\"image\":{\"@id\":\"https:\/\/alternativeconsulting.eu\/mentions-legales\/#primaryimage\"},\"thumbnailUrl\":\"https:\/\/alternativeconsulting.eu\/wp-content\/uploads\/2025\/10\/vignette-aci.jpg\",\"datePublished\":\"2025-10-31T15:46:58+00:00\",\"dateModified\":\"2025-10-31T15:54:45+00:00\",\"breadcrumb\":{\"@id\":\"https:\/\/alternativeconsulting.eu\/mentions-legales\/#breadcrumb\"},\"inLanguage\":\"en-GB\",\"potentialAction\":[{\"@type\":\"ReadAction\",\"target\":[\"https:\/\/alternativeconsulting.eu\/mentions-legales\/\"]}]},{\"@type\":\"ImageObject\",\"inLanguage\":\"en-GB\",\"@id\":\"https:\/\/alternativeconsulting.eu\/mentions-legales\/#primaryimage\",\"url\":\"https:\/\/alternativeconsulting.eu\/wp-content\/uploads\/2025\/10\/vignette-aci.jpg\",\"contentUrl\":\"https:\/\/alternativeconsulting.eu\/wp-content\/uploads\/2025\/10\/vignette-aci.jpg\",\"width\":1200,\"height\":628},{\"@type\":\"BreadcrumbList\",\"@id\":\"https:\/\/alternativeconsulting.eu\/mentions-legales\/#breadcrumb\",\"itemListElement\":[{\"@type\":\"ListItem\",\"position\":1,\"name\":\"Home\",\"item\":\"https:\/\/alternativeconsulting.eu\/\"},{\"@type\":\"ListItem\",\"position\":2,\"name\":\"Mentions L\u00e9gales\"}]},{\"@type\":\"WebSite\",\"@id\":\"https:\/\/alternativeconsulting.eu\/#website\",\"url\":\"https:\/\/alternativeconsulting.eu\/\",\"name\":\"ACI Consulting\",\"description\":\"Alternative Consulting Ing\u00e9nierie LTD.\",\"publisher\":{\"@id\":\"https:\/\/alternativeconsulting.eu\/#organization\"},\"potentialAction\":[{\"@type\":\"SearchAction\",\"target\":{\"@type\":\"EntryPoint\",\"urlTemplate\":\"https:\/\/alternativeconsulting.eu\/?s={search_term_string}\"},\"query-input\":{\"@type\":\"PropertyValueSpecification\",\"valueRequired\":true,\"valueName\":\"search_term_string\"}}],\"inLanguage\":\"en-GB\"},{\"@type\":\"Organization\",\"@id\":\"https:\/\/alternativeconsulting.eu\/#organization\",\"name\":\"ACI Consulting\",\"url\":\"https:\/\/alternativeconsulting.eu\/\",\"logo\":{\"@type\":\"ImageObject\",\"inLanguage\":\"en-GB\",\"@id\":\"https:\/\/alternativeconsulting.eu\/#\/schema\/logo\/image\/\",\"url\":\"https:\/\/alternativeconsulting.eu\/wp-content\/uploads\/2025\/10\/vignette-aci.jpg\",\"contentUrl\":\"https:\/\/alternativeconsulting.eu\/wp-content\/uploads\/2025\/10\/vignette-aci.jpg\",\"width\":1200,\"height\":628,\"caption\":\"ACI Consulting\"},\"image\":{\"@id\":\"https:\/\/alternativeconsulting.eu\/#\/schema\/logo\/image\/\"}}]}<\/script>\n<!-- \/ Yoast SEO plugin. -->","yoast_head_json":{"title":"Mentions L\u00e9gales - ACI Consulting","robots":{"index":"index","follow":"follow","max-snippet":"max-snippet:-1","max-image-preview":"max-image-preview:large","max-video-preview":"max-video-preview:-1"},"canonical":"https:\/\/alternativeconsulting.eu\/en\/mentions-legales\/","og_locale":"en_GB","og_type":"article","og_title":"Mentions L\u00e9gales - ACI Consulting","og_description":"Mentions L\u00e9gales IDENTIFICATION DE L\u2019EDITEUR Le site\u00a0alternativeconsulting.eu\u00a0(ci-apr\u00e8s \u00ab\u00a0le Site\u00a0\u00bb), accessible \u00e0 l\u2019adresse\u00a0https:\/\/www.alternativeconsulting.eu\/\u00a0est \u00e9dit\u00e9 par\u00a0Alternative Consulting Ing\u00e9nierie LTD. (ci-apr\u00e8s \u00ab l\u2019Editeur \u00bb), dont le si\u00e8ge social est situ\u00e9 au 30\/1, Kenilworth CourtSir Augustus Bartolo Street, Ta&rsquo;Xbiex, Malta. L\u2019Editeur peut \u00eatre contact\u00e9 \u00e0 l\u2019adresse mail\u00a0contact@alternativeconsulting.eu\u00a0ou au num\u00e9ro\u00a0+33(0)6 41 23 43 58. \u00a0 H\u00c9BERGEUR DU SITE INTERNET Le [&hellip;]","og_url":"https:\/\/alternativeconsulting.eu\/en\/mentions-legales\/","og_site_name":"ACI Consulting","article_modified_time":"2025-10-31T15:54:45+00:00","og_image":[{"width":1200,"height":628,"url":"https:\/\/alternativeconsulting.eu\/wp-content\/uploads\/2025\/10\/vignette-aci.jpg","type":"image\/jpeg"}],"twitter_card":"summary_large_image","twitter_misc":{"Estimated reading time":"5 minutes"},"schema":{"@context":"https:\/\/schema.org","@graph":[{"@type":"WebPage","@id":"https:\/\/alternativeconsulting.eu\/mentions-legales\/","url":"https:\/\/alternativeconsulting.eu\/mentions-legales\/","name":"Mentions L\u00e9gales - ACI Consulting","isPartOf":{"@id":"https:\/\/alternativeconsulting.eu\/#website"},"primaryImageOfPage":{"@id":"https:\/\/alternativeconsulting.eu\/mentions-legales\/#primaryimage"},"image":{"@id":"https:\/\/alternativeconsulting.eu\/mentions-legales\/#primaryimage"},"thumbnailUrl":"https:\/\/alternativeconsulting.eu\/wp-content\/uploads\/2025\/10\/vignette-aci.jpg","datePublished":"2025-10-31T15:46:58+00:00","dateModified":"2025-10-31T15:54:45+00:00","breadcrumb":{"@id":"https:\/\/alternativeconsulting.eu\/mentions-legales\/#breadcrumb"},"inLanguage":"en-GB","potentialAction":[{"@type":"ReadAction","target":["https:\/\/alternativeconsulting.eu\/mentions-legales\/"]}]},{"@type":"ImageObject","inLanguage":"en-GB","@id":"https:\/\/alternativeconsulting.eu\/mentions-legales\/#primaryimage","url":"https:\/\/alternativeconsulting.eu\/wp-content\/uploads\/2025\/10\/vignette-aci.jpg","contentUrl":"https:\/\/alternativeconsulting.eu\/wp-content\/uploads\/2025\/10\/vignette-aci.jpg","width":1200,"height":628},{"@type":"BreadcrumbList","@id":"https:\/\/alternativeconsulting.eu\/mentions-legales\/#breadcrumb","itemListElement":[{"@type":"ListItem","position":1,"name":"Home","item":"https:\/\/alternativeconsulting.eu\/"},{"@type":"ListItem","position":2,"name":"Mentions L\u00e9gales"}]},{"@type":"WebSite","@id":"https:\/\/alternativeconsulting.eu\/#website","url":"https:\/\/alternativeconsulting.eu\/","name":"ACI Consulting","description":"Alternative Consulting Ing\u00e9nierie LTD.","publisher":{"@id":"https:\/\/alternativeconsulting.eu\/#organization"},"potentialAction":[{"@type":"SearchAction","target":{"@type":"EntryPoint","urlTemplate":"https:\/\/alternativeconsulting.eu\/?s={search_term_string}"},"query-input":{"@type":"PropertyValueSpecification","valueRequired":true,"valueName":"search_term_string"}}],"inLanguage":"en-GB"},{"@type":"Organization","@id":"https:\/\/alternativeconsulting.eu\/#organization","name":"ACI Consulting","url":"https:\/\/alternativeconsulting.eu\/","logo":{"@type":"ImageObject","inLanguage":"en-GB","@id":"https:\/\/alternativeconsulting.eu\/#\/schema\/logo\/image\/","url":"https:\/\/alternativeconsulting.eu\/wp-content\/uploads\/2025\/10\/vignette-aci.jpg","contentUrl":"https:\/\/alternativeconsulting.eu\/wp-content\/uploads\/2025\/10\/vignette-aci.jpg","width":1200,"height":628,"caption":"ACI Consulting"},"image":{"@id":"https:\/\/alternativeconsulting.eu\/#\/schema\/logo\/image\/"}}]}},"_links":{"self":[{"href":"https:\/\/alternativeconsulting.eu\/en\/wp-json\/wp\/v2\/pages\/3230","targetHints":{"allow":["GET"]}}],"collection":[{"href":"https:\/\/alternativeconsulting.eu\/en\/wp-json\/wp\/v2\/pages"}],"about":[{"href":"https:\/\/alternativeconsulting.eu\/en\/wp-json\/wp\/v2\/types\/page"}],"author":[{"embeddable":true,"href":"https:\/\/alternativeconsulting.eu\/en\/wp-json\/wp\/v2\/users\/1"}],"replies":[{"embeddable":true,"href":"https:\/\/alternativeconsulting.eu\/en\/wp-json\/wp\/v2\/comments?post=3230"}],"version-history":[{"count":7,"href":"https:\/\/alternativeconsulting.eu\/en\/wp-json\/wp\/v2\/pages\/3230\/revisions"}],"predecessor-version":[{"id":3240,"href":"https:\/\/alternativeconsulting.eu\/en\/wp-json\/wp\/v2\/pages\/3230\/revisions\/3240"}],"wp:featuredmedia":[{"embeddable":true,"href":"https:\/\/alternativeconsulting.eu\/en\/wp-json\/wp\/v2\/media\/2945"}],"wp:attachment":[{"href":"https:\/\/alternativeconsulting.eu\/en\/wp-json\/wp\/v2\/media?parent=3230"}],"curies":[{"name":"wp","href":"https:\/\/api.w.org\/{rel}","templated":true}]}}